{"id":808,"date":"2024-03-04T12:24:22","date_gmt":"2024-03-04T11:24:22","guid":{"rendered":"https:\/\/bourse-reynal.fr\/?page_id=808"},"modified":"2024-03-06T10:42:06","modified_gmt":"2024-03-06T09:42:06","slug":"laureat-2019","status":"publish","type":"page","link":"https:\/\/bourse-reynal.fr\/en\/laureat-2019\/","title":{"rendered":"Laureate 2019"},"content":{"rendered":"\n[et_pb_section fb_built=\u00a0\u00bb1&Prime; _builder_version=\u00a0\u00bb4.22.1&Prime; _module_preset=\u00a0\u00bbdefault\u00a0\u00bb custom_margin=\u00a0\u00bb0px||||false|false\u00a0\u00bb custom_padding=\u00a0\u00bb0px||||false|false\u00a0\u00bb global_colors_info=\u00a0\u00bb{}\u00a0\u00bb][et_pb_row column_structure=\u00a0\u00bb1_4,1_2,1_4&Prime; use_custom_gutter=\u00a0\u00bbon\u00a0\u00bb _builder_version=\u00a0\u00bb4.22.1&Prime; _module_preset=\u00a0\u00bbdefault\u00a0\u00bb custom_margin=\u00a0\u00bb||||false|false\u00a0\u00bb custom_padding=\u00a0\u00bb25px||25px||false|false\u00a0\u00bb global_colors_info=\u00a0\u00bb{}\u00a0\u00bb][et_pb_column type=\u00a0\u00bb1_4&Prime; _builder_version=\u00a0\u00bb4.22.1&Prime; _module_preset=\u00a0\u00bbdefault\u00a0\u00bb global_colors_info=\u00a0\u00bb{}\u00a0\u00bb][et_pb_image src=\u00a0\u00bbhttps:\/\/bourse-reynal.fr\/wp-content\/uploads\/2023\/09\/abhisheknarayanverma.jpg\u00a0\u00bb alt=\u00a0\u00bbAbhishek Narayan Verma\u00a0\u00bb title_text=\u00a0\u00bbAbhishek Narayan Verma\u00a0\u00bb _builder_version=\u00a0\u00bb4.22.1&Prime; _module_preset=\u00a0\u00bbdefault\u00a0\u00bb max_width=\u00a0\u00bb300px\u00a0\u00bb module_alignment=\u00a0\u00bbright\u00a0\u00bb custom_margin=\u00a0\u00bb25px||5px||false|false\u00a0\u00bb border_radii=\u00a0\u00bbon|5px|5px|5px|5px\u00a0\u00bb box_shadow_style=\u00a0\u00bbpreset2&Prime; box_shadow_horizontal=\u00a0\u00bb2px\u00a0\u00bb box_shadow_vertical=\u00a0\u00bb2px\u00a0\u00bb box_shadow_blur=\u00a0\u00bb3px\u00a0\u00bb box_shadow_color=\u00a0\u00bbrgba(48,68,87,0.5)\u00a0\u00bb global_colors_info=\u00a0\u00bb{}\u00a0\u00bb][\/et_pb_image][et_pb_text _builder_version=\u00a0\u00bb4.22.1&Prime; _module_preset=\u00a0\u00bbdefault\u00a0\u00bb text_font=\u00a0\u00bbUrbanist||on||||||\u00a0\u00bb text_font_size=\u00a0\u00bb0.8rem\u00a0\u00bb text_line_height=\u00a0\u00bb1rem\u00a0\u00bb max_width=\u00a0\u00bb300px\u00a0\u00bb module_alignment=\u00a0\u00bbright\u00a0\u00bb custom_margin=\u00a0\u00bb0px||25px||false|false\u00a0\u00bb locked=\u00a0\u00bboff\u00a0\u00bb global_colors_info=\u00a0\u00bb{}\u00a0\u00bb]<p style=\"text-align: left;\">Cr\u00e9dit photo <span>\u00a9 Abhishek Verma<\/span><\/p>[\/et_pb_text][\/et_pb_column][et_pb_column type=\u00a0\u00bb1_2&Prime; _builder_version=\u00a0\u00bb4.22.1&Prime; _module_preset=\u00a0\u00bbdefault\u00a0\u00bb global_colors_info=\u00a0\u00bb{}\u00a0\u00bb][et_pb_text _builder_version=\u00a0\u00bb4.22.2&Prime; _module_preset=\u00a0\u00bbdefault\u00a0\u00bb custom_margin=\u00a0\u00bb0px||0px||false|false\u00a0\u00bb custom_padding=\u00a0\u00bb25px||25px||false|false\u00a0\u00bb hover_enabled=\u00a0\u00bb0&Prime; global_colors_info=\u00a0\u00bb{}\u00a0\u00bb link_font=\u00a0\u00bbUrbanist|600|||||||\u00a0\u00bb sticky_enabled=\u00a0\u00bb0&Prime;]<h1><strong>Abhishek Verma<\/strong><\/h1>\n<h2>Laur\u00e9at 2019<\/h2>\n<p>N\u00e9 en 1990, \u00e0 Guthani en Inde. Apr\u00e8s avoir \u00e9tudi\u00e9 la peinture \u00e0 New Dehli, il obtient en 2015 un Master 2 en Arts Visuels sp\u00e9cialit\u00e9 Gravure \u00e0 l\u2019Universit\u00e9 de Baroda. Aujourd\u2019hui, il vit et travaille \u00e0 Gujarat.<\/p>\n<p>Il expose r\u00e9guli\u00e8rement son travail dans des expositions collectives et personnelles, tout en participant \u00e0 des workshops et \u00e0 des r\u00e9sidences d\u2019artistes. Le travail d\u2019Abhishek Verma interroge les notions de relations dysfonctionnelles de pouvoir, de conditionnement socio-politique et d\u2019ins\u00e9curit\u00e9 personnelle. Des probl\u00e9matiques qu\u2019il exploite par le biais de la satire en r\u00e9f\u00e9rence aux idiomes, mythes et histoires populaires.<\/p>\n<p>Dans la majorit\u00e9 de ses travaux, il se met en sc\u00e8ne tel le protagoniste d\u2019une pi\u00e8ce de th\u00e9\u00e2tre actant seul dans des sc\u00e8nes de vie quotidienne. Il incarne un personnage qui peut \u00e9chouer, se relever et repartir \u00e0 nouveau dans ses explorations, trimbalant ses luttes et ses peurs face aux codes urbains et relationnels.<\/p>\n<p><a href=\"https:\/\/www.abhisheknarayanverma.com\/\" target=\"_blank\" rel=\"noopener\">abhisheknarayanverma.com<\/a><\/p>[\/et_pb_text][\/et_pb_column][et_pb_column type=\u00a0\u00bb1_4&Prime; _builder_version=\u00a0\u00bb4.22.1&Prime; _module_preset=\u00a0\u00bbdefault\u00a0\u00bb global_colors_info=\u00a0\u00bb{}\u00a0\u00bb][et_pb_code _builder_version=\u00a0\u00bb4.22.2&Prime; _module_preset=\u00a0\u00bbdefault\u00a0\u00bb text_orientation=\u00a0\u00bbright\u00a0\u00bb custom_margin=\u00a0\u00bb0px|0px|0px|0px|false|false\u00a0\u00bb custom_padding=\u00a0\u00bb25px|0px|25px|0px|false|false\u00a0\u00bb global_module=\u00a0\u00bb829&Prime; saved_tabs=\u00a0\u00bball\u00a0\u00bb locked=\u00a0\u00bboff\u00a0\u00bb global_colors_info=\u00a0\u00bb{}\u00a0\u00bb]<span class=\"archive-title\">ARCHIVES<\/span><!-- [et_pb_line_break_holder] --><ul class=\"archive-menu\"><!-- [et_pb_line_break_holder] -->  <li><a class=\"archive-item\" href=\"https:\/\/bourse-reynal.fr\/laureat-2024\/\">2024<\/a><\/li><!-- [et_pb_line_break_holder] -->  <li><a class=\"archive-item\" href=\"https:\/\/bourse-reynal.fr\/laureat-2019\/\">2019<\/a><\/li><!-- [et_pb_line_break_holder] --><\/ul><!-- [et_pb_line_break_holder] --><!-- [et_pb_line_break_holder] --><style><!-- [et_pb_line_break_holder] -->.archive-title {<!-- [et_pb_line_break_holder] -->    font-family: 'Advent Pro', Helvetica, Arial, Lucida, sans-serif;<!-- [et_pb_line_break_holder] -->    font-weight: 600;<!-- [et_pb_line_break_holder] -->    text-transform: uppercase;<!-- [et_pb_line_break_holder] -->    font-size: 1.7rem;<!-- [et_pb_line_break_holder] -->    color: #009BD9 !important;<!-- [et_pb_line_break_holder] -->    line-height: 2.7rem;<!-- [et_pb_line_break_holder] -->}<!-- [et_pb_line_break_holder] -->.archive-menu a {<!-- [et_pb_line_break_holder] -->  font-family: 'Advent Pro', Helvetica, Arial, Lucida, sans-serif;<!-- [et_pb_line_break_holder] -->  font-weight: 600;<!-- [et_pb_line_break_holder] -->  font-size: 1.5rem;<!-- [et_pb_line_break_holder] -->  line-height: 2.6rem;<!-- [et_pb_line_break_holder] -->  color: #304457;<!-- [et_pb_line_break_holder] -->  text-decoration: none;<!-- [et_pb_line_break_holder] -->}<!-- [et_pb_line_break_holder] -->.archive-menu li {<!-- [et_pb_line_break_holder] -->  list-style: none;<!-- [et_pb_line_break_holder] -->}  <!-- [et_pb_line_break_holder] --><!-- [et_pb_line_break_holder] -->.archive-menu a:hover {<!-- [et_pb_line_break_holder] -->  color: #009BD9;<!-- [et_pb_line_break_holder] -->}<!-- [et_pb_line_break_holder] -->.archive-item.archive-active {<!-- [et_pb_line_break_holder] -->  color: #009BD9!important;<!-- [et_pb_line_break_holder] -->}  <!-- [et_pb_line_break_holder] --><\/style><!-- [et_pb_line_break_holder] --><script><!-- [et_pb_line_break_holder] -->document.addEventListener('DOMContentLoaded', function() {<!-- [et_pb_line_break_holder] -->  var currentUrl = window.location.href;<!-- [et_pb_line_break_holder] -->  var activeLinks = document.querySelectorAll('.archive-menu a.archive-item');<!-- [et_pb_line_break_holder] --><!-- [et_pb_line_break_holder] -->  activeLinks.forEach(function(link) {<!-- [et_pb_line_break_holder] -->    if (link.href === currentUrl) {<!-- [et_pb_line_break_holder] -->      link.classList.add('archive-active');<!-- [et_pb_line_break_holder] -->    }<!-- [et_pb_line_break_holder] -->  });<!-- [et_pb_line_break_holder] -->});<!-- [et_pb_line_break_holder] --><\/script>[\/et_pb_code][\/et_pb_column][\/et_pb_row][et_pb_row column_structure=\u00a0\u00bb1_4,1_2,1_4&Prime; use_custom_gutter=\u00a0\u00bbon\u00a0\u00bb _builder_version=\u00a0\u00bb4.22.1&Prime; _module_preset=\u00a0\u00bbdefault\u00a0\u00bb custom_padding=\u00a0\u00bb0px||25px||false|false\u00a0\u00bb global_colors_info=\u00a0\u00bb{}\u00a0\u00bb][et_pb_column type=\u00a0\u00bb1_4&Prime; _builder_version=\u00a0\u00bb4.22.1&Prime; _module_preset=\u00a0\u00bbdefault\u00a0\u00bb global_colors_info=\u00a0\u00bb{}\u00a0\u00bb][\/et_pb_column][et_pb_column type=\u00a0\u00bb1_2&Prime; _builder_version=\u00a0\u00bb4.22.1&Prime; _module_preset=\u00a0\u00bbdefault\u00a0\u00bb global_colors_info=\u00a0\u00bb{}\u00a0\u00bb][et_pb_text _builder_version=\u00a0\u00bb4.22.1&Prime; _module_preset=\u00a0\u00bbdefault\u00a0\u00bb custom_margin=\u00a0\u00bb0px||0px||false|false\u00a0\u00bb custom_padding=\u00a0\u00bb75px||0px||false|false\u00a0\u00bb global_colors_info=\u00a0\u00bb{}\u00a0\u00bb]<h2><strong>Exposition\u00a0\u201cLES LAURIERS\u201d<\/strong><\/h2>\n<h3>28 mai &#8211; 30 juin 2019<br \/>Espace Goupil, du mus\u00e9e d\u2019Aquitaine<\/h3>[\/et_pb_text][et_pb_image src=\u00a0\u00bbhttps:\/\/bourse-reynal.fr\/wp-content\/uploads\/2023\/09\/expo_abhishek_verma.jpg\u00a0\u00bb alt=\u00a0\u00bbExposition %22Les Lauriers%22 &#8211; Abhishek Verma\u00a0\u00bb title_text=\u00a0\u00bbExposition %22Les Lauriers%22 &#8211; Abhishek Verma\u00a0\u00bb show_in_lightbox=\u00a0\u00bbon\u00a0\u00bb show_bottom_space=\u00a0\u00bboff\u00a0\u00bb _builder_version=\u00a0\u00bb4.22.1&Prime; _module_preset=\u00a0\u00bbdefault\u00a0\u00bb custom_padding=\u00a0\u00bb0px||5px||false|false\u00a0\u00bb border_radii=\u00a0\u00bbon|5px|5px|5px|5px\u00a0\u00bb box_shadow_style=\u00a0\u00bbpreset2&Prime; box_shadow_horizontal=\u00a0\u00bb2px\u00a0\u00bb box_shadow_vertical=\u00a0\u00bb2px\u00a0\u00bb box_shadow_blur=\u00a0\u00bb3px\u00a0\u00bb box_shadow_color=\u00a0\u00bbrgba(48,68,87,0.5)\u00a0\u00bb global_colors_info=\u00a0\u00bb{}\u00a0\u00bb][\/et_pb_image][et_pb_text _builder_version=\u00a0\u00bb4.22.1&Prime; _module_preset=\u00a0\u00bbdefault\u00a0\u00bb text_font=\u00a0\u00bbUrbanist||on||||||\u00a0\u00bb text_font_size=\u00a0\u00bb0.8rem\u00a0\u00bb text_line_height=\u00a0\u00bb1rem\u00a0\u00bb custom_margin=\u00a0\u00bb0px||25px||false|false\u00a0\u00bb locked=\u00a0\u00bboff\u00a0\u00bb global_colors_info=\u00a0\u00bb{}\u00a0\u00bb]<p><span>Exposition Abhishek Verma au Mus\u00e9e d&rsquo;Aquitaine \u00a9 iso.ebabx.2019<\/span><\/p>[\/et_pb_text][et_pb_text _builder_version=\u00a0\u00bb4.22.1&Prime; _module_preset=\u00a0\u00bbdefault\u00a0\u00bb custom_margin=\u00a0\u00bb||||false|false\u00a0\u00bb custom_padding=\u00a0\u00bb0px||25px||false|false\u00a0\u00bb global_colors_info=\u00a0\u00bb{}\u00a0\u00bb]<p>Le 28 mai 2019, le mus\u00e9e d\u2019Aquitaine accueillait la c\u00e9r\u00e9monie des Lauriers 2019 de la Fondation de France, soir\u00e9e visant \u00e0 mettre en lumi\u00e8re les projets de la r\u00e9gion qui ont pu voir le jour gr\u00e2ce \u00e0 son action de soutien. Ce fut \u00e9galement l\u2019occasion de pr\u00e9senter le travail d\u2019Abhishek Verma, artiste indien, laur\u00e9at de\u00a0<strong>la bourse Jean-Claude Reynal 2019<\/strong>, concours organis\u00e9 par l\u2019EBABX \u00c9cole sup\u00e9rieure des Beaux-Arts de Bordeaux, sous l\u2019\u00e9gide de la Fondation de France, et expos\u00e9, au mus\u00e9e d\u2019Aquitaine. Cette biennale attribue une bourse \u00e0 un jeune artiste travaillant \u00ab sur papier \u00bb pour un voyage \u00e0 l\u2019\u00e9tranger, dans le pays de son choix. Une s\u00e9lection des travaux d\u2019Abhishek Verma sont \u00e0 d\u00e9couvrir jusqu\u2019\u00e0 fin juin.<\/p>[\/et_pb_text][\/et_pb_column][et_pb_column type=\u00a0\u00bb1_4&Prime; _builder_version=\u00a0\u00bb4.22.1&Prime; _module_preset=\u00a0\u00bbdefault\u00a0\u00bb global_colors_info=\u00a0\u00bb{}\u00a0\u00bb][\/et_pb_column][\/et_pb_row][\/et_pb_section]\n","protected":false},"excerpt":{"rendered":"<p>ABHISHEK VERMA &#8211; LAUR\u00c9AT 2019<br \/>\n &#8211; N\u00e9 en 1990, \u00e0 Guthani en Inde. Apr\u00e8s avoir \u00e9tudi\u00e9 la peinture \u00e0 New Dehli, il obtient en 2015 un Master 2 en Arts Visuels sp\u00e9cialit\u00e9 Gravure \u00e0 l\u2019Universit\u00e9 de Baroda. Aujourd\u2019hui, il vit et travaille \u00e0 Gujarat.<\/p>","protected":false},"author":3,"featured_media":612,"parent":0,"menu_order":0,"comment_status":"closed","ping_status":"closed","template":"","meta":{"_et_pb_use_builder":"on","_et_pb_old_content":"","_et_gb_content_width":"","footnotes":""},"class_list":["post-808","page","type-page","status-publish","has-post-thumbnail","hentry"],"_links":{"self":[{"href":"https:\/\/bourse-reynal.fr\/en\/wp-json\/wp\/v2\/pages\/808","targetHints":{"allow":["GET"]}}],"collection":[{"href":"https:\/\/bourse-reynal.fr\/en\/wp-json\/wp\/v2\/pages"}],"about":[{"href":"https:\/\/bourse-reynal.fr\/en\/wp-json\/wp\/v2\/types\/page"}],"author":[{"embeddable":true,"href":"https:\/\/bourse-reynal.fr\/en\/wp-json\/wp\/v2\/users\/3"}],"replies":[{"embeddable":true,"href":"https:\/\/bourse-reynal.fr\/en\/wp-json\/wp\/v2\/comments?post=808"}],"version-history":[{"count":7,"href":"https:\/\/bourse-reynal.fr\/en\/wp-json\/wp\/v2\/pages\/808\/revisions"}],"predecessor-version":[{"id":888,"href":"https:\/\/bourse-reynal.fr\/en\/wp-json\/wp\/v2\/pages\/808\/revisions\/888"}],"wp:featuredmedia":[{"embeddable":true,"href":"https:\/\/bourse-reynal.fr\/en\/wp-json\/wp\/v2\/media\/612"}],"wp:attachment":[{"href":"https:\/\/bourse-reynal.fr\/en\/wp-json\/wp\/v2\/media?parent=808"}],"curies":[{"name":"wp","href":"https:\/\/api.w.org\/{rel}","templated":true}]}}